{"id":2,"date":"2026-04-27T10:26:01","date_gmt":"2026-04-27T10:26:01","guid":{"rendered":"http:\/\/orakeltarot.se\/?page_id=2"},"modified":"2026-05-11T13:17:32","modified_gmt":"2026-05-11T13:17:32","slug":"sample-page","status":"publish","type":"page","link":"https:\/\/orakeltarot.se\/valkommen-till-orakel-tarot\/sample-page\/","title":{"rendered":"Vad \u00e4r tarot"},"content":{"rendered":"\n<p><strong>TAROT \u00e4r en kortlek med 78 kort som anv\u00e4nds som ett verktyg f\u00f6r sp\u00e5dom, sj\u00e4lvreflektion och personlig utveckling<\/strong>.<\/p>\n\n\n\n<blockquote class=\"wp-block-quote is-layout-flow wp-block-quote-is-layout-flow\">\n<h2 class=\"wp-block-heading\">S\u00e5 g\u00e5r en tarotl\u00e4sning till<\/h2>\n\n\n\n<p>Ibland st\u00e5r vi inf\u00f6r utmaningar och val som kan vara sv\u00e5ra att hantera p\u00e5 egen hand. D\u00e5 kan en tarotl\u00e4ggning ge nya infallsvinklar och en m\u00f6jlighet att se saker fr\u00e5n olika h\u00e5ll och hitta nya v\u00e4gar i livet.<\/p>\n\n\n\n<p>Jag anv\u00e4nder mig av tarotkort, intuition och medialitet f\u00f6r att svara p\u00e5 fr\u00e5gor om din livssituation och dina val inf\u00f6r framtiden. L\u00e4sningen g\u00f6rs digitalt och du kan v\u00e4lja mellan olika typer av tarotl\u00e4ggningar. Jag kan ocks\u00e5 g\u00f6ra hembes\u00f6k inom Halmstads n\u00e4romr\u00e5de. Kontakta mig via mejl f\u00f6r hembes\u00f6k.<\/p>\n\n\n\n<figure class=\"wp-block-image size-large\"><img loading=\"lazy\" decoding=\"async\" width=\"825\" height=\"1024\" src=\"http:\/\/orakeltarot.se\/wp-content\/uploads\/2026\/05\/Firefly_Kan-du-generera-ett-fota-av-tva-kvinnor.-Den-ena-ska-sitta-med-ryggen-mot-betraktaren-208511-825x1024.png\" alt=\"\" class=\"wp-image-48\" srcset=\"https:\/\/orakeltarot.se\/wp-content\/uploads\/2026\/05\/Firefly_Kan-du-generera-ett-fota-av-tva-kvinnor.-Den-ena-ska-sitta-med-ryggen-mot-betraktaren-208511-825x1024.png 825w, https:\/\/orakeltarot.se\/wp-content\/uploads\/2026\/05\/Firefly_Kan-du-generera-ett-fota-av-tva-kvinnor.-Den-ena-ska-sitta-med-ryggen-mot-betraktaren-208511-242x300.png 242w, https:\/\/orakeltarot.se\/wp-content\/uploads\/2026\/05\/Firefly_Kan-du-generera-ett-fota-av-tva-kvinnor.-Den-ena-ska-sitta-med-ryggen-mot-betraktaren-208511-768x953.png 768w, https:\/\/orakeltarot.se\/wp-content\/uploads\/2026\/05\/Firefly_Kan-du-generera-ett-fota-av-tva-kvinnor.-Den-ena-ska-sitta-med-ryggen-mot-betraktaren-208511.png 928w\" sizes=\"auto, (max-width: 825px) 100vw, 825px\" \/><\/figure>\n<\/blockquote>\n\n\n\n<blockquote class=\"wp-block-quote is-layout-flow wp-block-quote-is-layout-flow\">\n<h2 class=\"wp-block-heading\">Att uppt\u00e4cka sitt inre landskap<\/h2>\n\n\n\n<p>Tarotkort \u00e4r som sm\u00e5 d\u00f6rrar in till ditt undermedvetna. Genom korten f\u00e5r du kontakt med energier, m\u00f6nster och m\u00f6jligheter som r\u00f6r sig under ytan i ditt liv.<\/p>\n\n\n\n<p>N\u00e4r jag arbetar med tarot f\u00e5r du m\u00f6jligheten att r\u00f6ra dig fritt i ditt inre landskap. Korten formar en ber\u00e4ttelse som speglar ditt undermedvetna: k\u00e4nslor som du kanske g\u00f6mt undan, styrkor du gl\u00f6mt, v\u00e4gar \u00e4nnu inte pr\u00f6vat. I m\u00f6tet med korten och min l\u00e4sning kan du \u00f6ppna nya d\u00f6rrar i ditt liv.<\/p>\n\n\n\n<h2 class=\"wp-block-heading\">Bilder av framtiden<\/h2>\n\n\n\n<p>N\u00e4r man sp\u00e5r i tarot \u00e4r det inte fasta framtidsbilder jag visar utan snarare glimtar av olika v\u00e4gar du kan ta . Korten visar dig det som vill ta form i ditt liv, det du ska v\u00e5rda \u2013 och det du kanske beh\u00f6ver sl\u00e4ppa.<\/p>\n\n\n\n<h2 class=\"wp-block-heading\">Vad gr\u00e4nslandet kan ge dig<\/h2>\n\n\n\n<p>N\u00e4r jag tolkar dina kort blir du slags resen\u00e4r i mellanrummet mellan intuition och den fysiska verkligheten, det medvetna och det undermedvetna, det fysiska och andliga.<\/p>\n\n\n\n<p>Varmt v\u00e4lkommen att h\u00f6ra av dig f\u00f6r mer information eller bokning av en tarotl\u00e4sning. jenny@orakeltarot.se<\/p>\n\n\n\n<div class=\"wp-block-buttons is-layout-flex wp-block-buttons-is-layout-flex\">\n<div class=\"wp-block-button\"><a class=\"wp-block-button__link wp-element-button\">Webbokningen \u00f6ppnar snart<\/a><\/div>\n<\/div>\n<\/blockquote>\n","protected":false},"excerpt":{"rendered":"<p>TAROT \u00e4r en kortlek med 78 kort som anv\u00e4nds som ett verktyg f\u00f6r sp\u00e5dom, sj\u00e4lvreflektion och personlig utveckling.<\/p>\n","protected":false},"author":1,"featured_media":73,"parent":0,"menu_order":0,"comment_status":"closed","ping_status":"open","template":"","meta":{"footnotes":""},"class_list":["post-2","page","type-page","status-publish","has-post-thumbnail","hentry"],"_links":{"self":[{"href":"https:\/\/orakeltarot.se\/valkommen-till-orakel-tarot\/wp-json\/wp\/v2\/pages\/2","targetHints":{"allow":["GET"]}}],"collection":[{"href":"https:\/\/orakeltarot.se\/valkommen-till-orakel-tarot\/wp-json\/wp\/v2\/pages"}],"about":[{"href":"https:\/\/orakeltarot.se\/valkommen-till-orakel-tarot\/wp-json\/wp\/v2\/types\/page"}],"author":[{"embeddable":true,"href":"https:\/\/orakeltarot.se\/valkommen-till-orakel-tarot\/wp-json\/wp\/v2\/users\/1"}],"replies":[{"embeddable":true,"href":"https:\/\/orakeltarot.se\/valkommen-till-orakel-tarot\/wp-json\/wp\/v2\/comments?post=2"}],"version-history":[{"count":8,"href":"https:\/\/orakeltarot.se\/valkommen-till-orakel-tarot\/wp-json\/wp\/v2\/pages\/2\/revisions"}],"predecessor-version":[{"id":114,"href":"https:\/\/orakeltarot.se\/valkommen-till-orakel-tarot\/wp-json\/wp\/v2\/pages\/2\/revisions\/114"}],"wp:featuredmedia":[{"embeddable":true,"href":"https:\/\/orakeltarot.se\/valkommen-till-orakel-tarot\/wp-json\/wp\/v2\/media\/73"}],"wp:attachment":[{"href":"https:\/\/orakeltarot.se\/valkommen-till-orakel-tarot\/wp-json\/wp\/v2\/media?parent=2"}],"curies":[{"name":"wp","href":"https:\/\/api.w.org\/{rel}","templated":true}]}}