{"id":8,"date":"2026-05-11T11:51:56","date_gmt":"2026-05-11T11:51:56","guid":{"rendered":"http:\/\/orakeltarot.se\/?page_id=8"},"modified":"2026-05-11T13:19:34","modified_gmt":"2026-05-11T13:19:34","slug":"valkommen-till-orakel-tarot","status":"publish","type":"page","link":"https:\/\/orakeltarot.se\/valkommen-till-orakel-tarot\/","title":{"rendered":"V\u00e4lkommen till Orakel Tarot"},"content":{"rendered":"\n<p class=\"has-text-align-left\">Ibland st\u00e5r du inf\u00f6r utmaningar och val som kan vara sv\u00e5ra att<br>hantera p\u00e5 egen hand. D\u00e5 kan en tarotl\u00e4sning ge nya infallsvinklar och en m\u00f6jlighet att se saker fr\u00e5n olika h\u00e5ll och hitta nya v\u00e4gar i livet.<\/p>\n\n\n\n<p class=\"has-text-align-left\">Jag anv\u00e4nder mig av tarotkort, intuition och medialitet f\u00f6r att svara p\u00e5 fr\u00e5gor om din livssituation och olika v\u00e4gval du kan g\u00f6ra nu och i framtiden.<\/p>\n\n\n\n<hr class=\"wp-block-separator has-alpha-channel-opacity\"\/>\n\n\n\n<div class=\"wp-block-group has-global-padding is-layout-constrained wp-container-core-group-is-layout-346627ba wp-block-group-is-layout-constrained\">\n<h2 class=\"wp-block-heading has-text-align-left has-xx-large-font-size\" style=\"margin-right:0;margin-left:0;padding-right:0;padding-left:0\">Vad \u00e4r tarot?<\/h2>\n\n\n\n<div class=\"wp-block-buttons is-content-justification-left is-layout-flex wp-container-core-buttons-is-layout-fc4fd283 wp-block-buttons-is-layout-flex\">\n<div class=\"wp-block-button\"><a class=\"wp-block-button__link wp-element-button\" href=\"http:\/\/orakeltarot.se\/valkommen-till-orakel-tarot\/sample-page\/\">L\u00e4s mer<\/a><\/div>\n<\/div>\n<\/div>\n\n\n\n<div class=\"wp-block-group alignfull is-style-section-1 has-global-padding is-layout-constrained wp-block-group-is-layout-constrained is-style-section-1--1\" style=\"margin-top:0;margin-bottom:0;padding-top:var(--wp--preset--spacing--80);padding-bottom:var(--wp--preset--spacing--80)\">\n<div class=\"wp-block-columns alignwide is-layout-flex wp-container-core-columns-is-layout-66fad18a wp-block-columns-is-layout-flex\">\n<div class=\"wp-block-column is-layout-flow wp-block-column-is-layout-flow\" style=\"padding-right:var(--wp--preset--spacing--50);flex-basis:45%\">\n<figure class=\"wp-block-gallery has-nested-images columns-default is-cropped wp-block-gallery-2 is-layout-flex wp-block-gallery-is-layout-flex\">\n<figure class=\"wp-block-image size-large has-custom-border is-style-default\" style=\"margin-top:0;margin-right:0;margin-bottom:0;margin-left:0\"><img loading=\"lazy\" decoding=\"async\" width=\"1024\" height=\"825\" data-id=\"43\" src=\"http:\/\/orakeltarot.se\/wp-content\/uploads\/2026\/05\/Firefly_Kan-du-gora-exakt-samma-bild-men-byta-ut-sa-att-alla-kort-ar-fran-Ryder-Wait-tarot-le-725137-1024x825.png\" alt=\"\" class=\"wp-image-43\" style=\"border-top-left-radius:0px;border-top-right-radius:0px;border-bottom-left-radius:0px;border-bottom-right-radius:0px\" srcset=\"https:\/\/orakeltarot.se\/wp-content\/uploads\/2026\/05\/Firefly_Kan-du-gora-exakt-samma-bild-men-byta-ut-sa-att-alla-kort-ar-fran-Ryder-Wait-tarot-le-725137-1024x825.png 1024w, https:\/\/orakeltarot.se\/wp-content\/uploads\/2026\/05\/Firefly_Kan-du-gora-exakt-samma-bild-men-byta-ut-sa-att-alla-kort-ar-fran-Ryder-Wait-tarot-le-725137-300x242.png 300w, https:\/\/orakeltarot.se\/wp-content\/uploads\/2026\/05\/Firefly_Kan-du-gora-exakt-samma-bild-men-byta-ut-sa-att-alla-kort-ar-fran-Ryder-Wait-tarot-le-725137-768x619.png 768w, https:\/\/orakeltarot.se\/wp-content\/uploads\/2026\/05\/Firefly_Kan-du-gora-exakt-samma-bild-men-byta-ut-sa-att-alla-kort-ar-fran-Ryder-Wait-tarot-le-725137.png 1152w\" sizes=\"auto, (max-width: 1024px) 100vw, 1024px\" \/><figcaption class=\"wp-element-caption\">Vad vill ditt undermedvetna f\u00f6rmedla till dig? Genom korten kan du f\u00e5 nya svar.<\/figcaption><\/figure>\n<\/figure>\n\n\n\n<div class=\"wp-block-group has-global-padding is-layout-constrained wp-block-group-is-layout-constrained\" style=\"margin-top:-12vw\"><\/div>\n<\/div>\n\n\n\n<div class=\"wp-block-column is-layout-flow wp-block-column-is-layout-flow\"><\/div>\n\n\n\n<div class=\"wp-block-column is-vertically-aligned-center is-layout-flow wp-block-column-is-layout-flow\" style=\"padding-right:0;padding-left:0;flex-basis:50%\">\n<div class=\"wp-block-group is-vertical is-layout-flex wp-container-core-group-is-layout-fe9cc265 wp-block-group-is-layout-flex\">\n<h2 class=\"wp-block-heading is-style-text-annotation is-style-text-annotation--3\">Om mig<\/h2>\n<\/div>\n\n\n\n<p class=\"is-style-text-subtitle has-text-color has-link-color wp-elements-9618e74439fcf2f84181cbce7b9b861a is-style-text-subtitle--4\" style=\"color:#7f1b98\">Jag heter Jenny och arbetar som tarotv\u00e4gledare. Min bakgrund \u00e4r att jag har en kandidatexamen inom humaniora och pedagogik men jag har ocks\u00e5 utbildat mig inom tarotl\u00e4sning, kroppsterapi, intuition och medialitet. <\/p>\n\n\n\n<p class=\"is-style-text-subtitle has-text-color has-link-color wp-elements-a40c06c8587873cdb85fa00722af9221 is-style-text-subtitle--5\" style=\"color:#7f1b98\">Jag finns i Halmstad men g\u00f6r l\u00e4sningar via telefon och videom\u00f6te. Inom kort kommer jag att \u00f6ppna en webbokning h\u00e4r p\u00e5 hemsidan.<\/p>\n<\/div>\n<\/div>\n<\/div>\n\n\n\n<div class=\"wp-block-group alignfull has-global-padding is-layout-constrained wp-container-core-group-is-layout-ebee8dc1 wp-block-group-is-layout-constrained\" style=\"margin-top:0;margin-bottom:0;padding-top:var(--wp--preset--spacing--50);padding-bottom:var(--wp--preset--spacing--50)\">\n<h2 class=\"wp-block-heading alignwide has-text-align-left\">Mina tj\u00e4nster<\/h2>\n\n\n\n<div class=\"wp-block-columns alignwide is-layout-flex wp-container-core-columns-is-layout-28f84493 wp-block-columns-is-layout-flex\">\n<div class=\"wp-block-column is-layout-flow wp-block-column-is-layout-flow\">\n<figure class=\"wp-block-image size-full\" style=\"margin-bottom:24px\"><img loading=\"lazy\" decoding=\"async\" width=\"1408\" height=\"768\" src=\"http:\/\/orakeltarot.se\/wp-content\/uploads\/2026\/05\/Firefly_Hej-Kan-du-generera-ett-fotografi-som-forstaller-hander-som-lagger-ut-tarotkort-pa-e-149402.png\" alt=\"\" class=\"wp-image-44\" style=\"aspect-ratio:4\/3;object-fit:cover\" srcset=\"https:\/\/orakeltarot.se\/wp-content\/uploads\/2026\/05\/Firefly_Hej-Kan-du-generera-ett-fotografi-som-forstaller-hander-som-lagger-ut-tarotkort-pa-e-149402.png 1408w, https:\/\/orakeltarot.se\/wp-content\/uploads\/2026\/05\/Firefly_Hej-Kan-du-generera-ett-fotografi-som-forstaller-hander-som-lagger-ut-tarotkort-pa-e-149402-300x164.png 300w, https:\/\/orakeltarot.se\/wp-content\/uploads\/2026\/05\/Firefly_Hej-Kan-du-generera-ett-fotografi-som-forstaller-hander-som-lagger-ut-tarotkort-pa-e-149402-1024x559.png 1024w, https:\/\/orakeltarot.se\/wp-content\/uploads\/2026\/05\/Firefly_Hej-Kan-du-generera-ett-fotografi-som-forstaller-hander-som-lagger-ut-tarotkort-pa-e-149402-768x419.png 768w\" sizes=\"auto, (max-width: 1408px) 100vw, 1408px\" \/><\/figure>\n\n\n\n<h3 class=\"wp-block-heading\">Tarotl\u00e4sning 30 minuter<\/h3>\n\n\n\n<p class=\"has-medium-font-size\">Jag svarar p\u00e5 en eller tv\u00e5 fr\u00e5gor fr\u00e5n dig. Det kan handla om i princip vad som helst. <\/p>\n\n\n\n<p class=\"has-medium-font-size\">Dock svarar jag inte p\u00e5 fr\u00e5gor som r\u00f6r graviditet, sjukdomar eller d\u00f6d. Jag f\u00f6rmedlar inte heller kontakt med bortg\u00e5ngna anh\u00f6riga.<\/p>\n\n\n\n<p>Pris: 400 kronor<\/p>\n<\/div>\n\n\n\n<div class=\"wp-block-column is-layout-flow wp-block-column-is-layout-flow\">\n<figure class=\"wp-block-image size-full\" style=\"margin-bottom:24px\"><img loading=\"lazy\" decoding=\"async\" width=\"1376\" height=\"768\" src=\"http:\/\/orakeltarot.se\/wp-content\/uploads\/2026\/05\/Firefly_Hej-kan-du-generera-ett-fotografi-som-grundar-sig-pa-tarotlaggningen-halvarsstjarnan-735122-1.png\" alt=\"\" class=\"wp-image-65\" style=\"aspect-ratio:4\/3;object-fit:cover\" srcset=\"https:\/\/orakeltarot.se\/wp-content\/uploads\/2026\/05\/Firefly_Hej-kan-du-generera-ett-fotografi-som-grundar-sig-pa-tarotlaggningen-halvarsstjarnan-735122-1.png 1376w, https:\/\/orakeltarot.se\/wp-content\/uploads\/2026\/05\/Firefly_Hej-kan-du-generera-ett-fotografi-som-grundar-sig-pa-tarotlaggningen-halvarsstjarnan-735122-1-300x167.png 300w, https:\/\/orakeltarot.se\/wp-content\/uploads\/2026\/05\/Firefly_Hej-kan-du-generera-ett-fotografi-som-grundar-sig-pa-tarotlaggningen-halvarsstjarnan-735122-1-1024x572.png 1024w, https:\/\/orakeltarot.se\/wp-content\/uploads\/2026\/05\/Firefly_Hej-kan-du-generera-ett-fotografi-som-grundar-sig-pa-tarotlaggningen-halvarsstjarnan-735122-1-768x429.png 768w\" sizes=\"auto, (max-width: 1376px) 100vw, 1376px\" \/><\/figure>\n\n\n\n<h3 class=\"wp-block-heading\">Halv\u00e5rsstj\u00e4rnan 45 minuter<\/h3>\n\n\n\n<p class=\"has-medium-font-size\">Jag g\u00f6r en st\u00f6rre l\u00e4ggning som svarar p\u00e5 hur det ser ut f\u00f6r dig det n\u00e4rmaste halv\u00e5ret. <\/p>\n\n\n\n<p class=\"has-medium-font-size\">Vi tittar p\u00e5 din nuvarande situation, ditt inre och yttre, arbete, hemmet och din omgivning, k\u00e4rlek och relationer samt ekonomi och resurser. P\u00e5 slutet v\u00e4nder vi upp ett kort som binder samman hela l\u00e4ggningen. <\/p>\n\n\n\n<p class=\"has-medium-font-size\">Efter l\u00e4ggningen finns ofta tid f\u00f6r ett uppf\u00f6ljande samtal d\u00e4r vi analyserar kortens svar tillsammans.<\/p>\n\n\n\n<p>Pris: 575 kronor<\/p>\n<\/div>\n\n\n\n<div class=\"wp-block-column is-layout-flow wp-block-column-is-layout-flow\">\n<figure class=\"wp-block-image size-full\" style=\"margin-bottom:24px\"><img loading=\"lazy\" decoding=\"async\" width=\"1024\" height=\"1024\" src=\"http:\/\/orakeltarot.se\/wp-content\/uploads\/2026\/05\/Firefly_Kan-du-gora-en-bild-av-en-svensk-kvinna-som-ar-ungefar-40-ar.-Hon-far-garna-ha-en-ros-385580-1.png\" alt=\"\" class=\"wp-image-56\" style=\"aspect-ratio:4\/3;object-fit:cover\"\/><\/figure>\n\n\n\n<h3 class=\"wp-block-heading\">Tarotl\u00e4sning 60 minuter<\/h3>\n\n\n\n<p class=\"has-medium-font-size\">Under 60 minuter hinner jag g\u00f6ra b\u00e5de en st\u00f6rre l\u00e4ggning, till exempel halv\u00e5rsstj\u00e4rnan eller liknande samt svara p\u00e5 en eller tv\u00e5 specifika fr\u00e5ga om du vill det. <\/p>\n\n\n\n<p class=\"has-medium-font-size\">Du kan ocks\u00e5 v\u00e4lja att vi bara g\u00f6r en stor l\u00e4ggning och sedan sitter och analyserar den en l\u00e4ngre tid tillsammans efter\u00e5t.<\/p>\n\n\n\n<p class=\"has-medium-font-size\">Pris: 690 kronor<\/p>\n<\/div>\n<\/div>\n\n\n\n<div class=\"wp-block-buttons alignwide is-content-justification-left is-layout-flex wp-container-core-buttons-is-layout-fc4fd283 wp-block-buttons-is-layout-flex\">\n<div class=\"wp-block-button\"><a class=\"wp-block-button__link has-text-align-left wp-element-button\">Webbokningen \u00f6ppnar snart.<\/a><\/div>\n<\/div>\n<\/div>\n\n\n\n<hr class=\"wp-block-separator has-alpha-channel-opacity\"\/>\n\n\n\n<div class=\"wp-block-group has-global-padding is-layout-constrained wp-block-group-is-layout-constrained\">\n<h2 class=\"wp-block-heading\"><strong>Viktig information<\/strong><\/h2>\n\n\n\n<p>Du beh\u00f6ver vara \u00f6ver 18 \u00e5r f\u00f6r att boka in en l\u00e4sning. Jag svarar inte p\u00e5 fr\u00e5gor som handlar om graviditet, sjukdomar eller d\u00f6d. Jag l\u00e4gger heller inte kort f\u00f6r n\u00e5gon som inte \u00e4r n\u00e4rvarande i samtalet.<\/p>\n\n\n\n<p>Om du s\u00f6ker kontakt med avlidna sl\u00e4ktningar och v\u00e4nner ber jag dig att v\u00e4nda dig till n\u00e5gon som jobbar med just det. M\u00e5r du d\u00e5ligt fysiskt eller psykiskt b\u00f6r du v\u00e4nda dig till l\u00e4kare eller annan utbildad v\u00e5rdpersonal.<\/p>\n<\/div>\n\n\n\n<hr class=\"wp-block-separator has-alpha-channel-opacity\"\/>\n","protected":false},"excerpt":{"rendered":"<p>Ibland st\u00e5r du inf\u00f6r utmaningar och val som kan vara sv\u00e5ra atthantera p\u00e5 egen hand. D\u00e5 kan en tarotl\u00e4sning ge nya infallsvinklar och en m\u00f6jlighet att se saker fr\u00e5n olika h\u00e5ll och hitta nya v\u00e4gar i livet. Jag anv\u00e4nder mig av tarotkort, intuition och medialitet f\u00f6r att svara p\u00e5 fr\u00e5gor om din livssituation och olika [&hellip;]<\/p>\n","protected":false},"author":1,"featured_media":62,"parent":0,"menu_order":0,"comment_status":"closed","ping_status":"closed","template":"","meta":{"footnotes":""},"class_list":["post-8","page","type-page","status-publish","has-post-thumbnail","hentry"],"_links":{"self":[{"href":"https:\/\/orakeltarot.se\/valkommen-till-orakel-tarot\/wp-json\/wp\/v2\/pages\/8","targetHints":{"allow":["GET"]}}],"collection":[{"href":"https:\/\/orakeltarot.se\/valkommen-till-orakel-tarot\/wp-json\/wp\/v2\/pages"}],"about":[{"href":"https:\/\/orakeltarot.se\/valkommen-till-orakel-tarot\/wp-json\/wp\/v2\/types\/page"}],"author":[{"embeddable":true,"href":"https:\/\/orakeltarot.se\/valkommen-till-orakel-tarot\/wp-json\/wp\/v2\/users\/1"}],"replies":[{"embeddable":true,"href":"https:\/\/orakeltarot.se\/valkommen-till-orakel-tarot\/wp-json\/wp\/v2\/comments?post=8"}],"version-history":[{"count":30,"href":"https:\/\/orakeltarot.se\/valkommen-till-orakel-tarot\/wp-json\/wp\/v2\/pages\/8\/revisions"}],"predecessor-version":[{"id":117,"href":"https:\/\/orakeltarot.se\/valkommen-till-orakel-tarot\/wp-json\/wp\/v2\/pages\/8\/revisions\/117"}],"wp:featuredmedia":[{"embeddable":true,"href":"https:\/\/orakeltarot.se\/valkommen-till-orakel-tarot\/wp-json\/wp\/v2\/media\/62"}],"wp:attachment":[{"href":"https:\/\/orakeltarot.se\/valkommen-till-orakel-tarot\/wp-json\/wp\/v2\/media?parent=8"}],"curies":[{"name":"wp","href":"https:\/\/api.w.org\/{rel}","templated":true}]}}